{"id":873,"date":"2025-03-15T10:55:13","date_gmt":"2025-03-15T09:55:13","guid":{"rendered":"https:\/\/audiobookexplorer.com\/de\/?page_id=873"},"modified":"2025-03-15T10:58:09","modified_gmt":"2025-03-15T09:58:09","slug":"kuendigung-eines-audible-abonnements","status":"publish","type":"page","link":"https:\/\/audiobookexplorer.com\/de\/kuendigung-eines-audible-abonnements\/","title":{"rendered":"K\u00fcndigung eines Audible-Abonnements"},"content":{"rendered":"\n<p>Audible ist eine gro\u00dfartige Plattform, um H\u00f6rb\u00fccher legal zu h\u00f6ren. Alles entspricht den Urheberrechtsgesetzen, sodass Sie sich keine Sorgen machen m\u00fcssen, wenn Sie die Website oder die mobile App nutzen. Sie k\u00f6nnen sogar ein Abonnement abschlie\u00dfen, um Zugang zu noch mehr H\u00f6rb\u00fcchern zu erhalten, und der erste Monat ist kostenlos! Und wenn Sie Ihre Meinung \u00e4ndern, kein Problem, Sie k\u00f6nnen Ihr Abonnement ganz einfach k\u00fcndigen. Es gibt so viele H\u00f6rb\u00fccher auf Audible zu entdecken, von Neuerscheinungen \u00fcber Bestseller bis hin zu Klassikern. Z\u00f6gern Sie also nicht, alle Optionen zu erkunden! Und wenn Sie mehr \u00fcber die kostenlosen H\u00f6rb\u00fccher auf der Plattform erfahren m\u00f6chten, schauen Sie sich gerne <a href=\"https:\/\/audiobookexplorer.com\/de\/category\/populaer\/\" data-type=\"category\" data-id=\"5\">unsere Artikel<\/a> dazu an.<\/p>\n\n\n\n<p>Im Folgenden erkl\u00e4ren wir Ihnen, wie Sie Ihr Audible-Abonnement k\u00fcndigen k\u00f6nnen, um die Vorteile der Plattform entweder kostenlos oder nach mehreren Monaten Abonnement zu nutzen.<\/p>\n\n\n\n<div style=\"height:60px\" aria-hidden=\"true\" class=\"wp-block-spacer\"><\/div>\n\n\n\n<h2 class=\"wp-block-heading\">Wie k\u00fcndige ich mein Audible-Abonnement?<\/h2>\n\n\n<div class=\"wp-block-image\">\n<figure class=\"alignleft size-full\"><img decoding=\"async\" width=\"266\" height=\"10\" src=\"https:\/\/audiobookexplorer.com\/de\/wp-content\/uploads\/2025\/03\/home_musician_sep4.png\" alt=\"\" class=\"wp-image-878\" srcset=\"https:\/\/audiobookexplorer.com\/de\/wp-content\/uploads\/2025\/03\/home_musician_sep4.png 266w, https:\/\/audiobookexplorer.com\/de\/wp-content\/uploads\/2025\/03\/home_musician_sep4-150x6.png 150w\" sizes=\"(max-width:767px) 266px, 266px\" \/><\/figure>\n<\/div>\n\n\n<div style=\"height:40px\" aria-hidden=\"true\" class=\"wp-block-spacer\"><\/div>\n\n\n\n<p>Wenn Sie alle Vorteile von Audible nutzen m\u00f6chten, ist es am besten, ein Abonnement abzuschlie\u00dfen. Auch wenn Sie H\u00f6rb\u00fccher ohne Abonnement kaufen k\u00f6nnen, ist der Preis etwas h\u00f6her. Mit einem Abonnement k\u00f6nnen Sie einen kostenlosen Monat und jeden Monat ein kostenloses H\u00f6rbuch genie\u00dfen. Und wenn Sie Ihre Meinung \u00e4ndern, kein Problem, die K\u00fcndigung Ihres Abonnements ist genauso einfach.<\/p>\n\n\n\n<p>Sie m\u00fcssen es vor dem geplanten Enddatum k\u00fcndigen, sonst wird es automatisch verl\u00e4ngert. Es ist wichtig zu beachten, dass Sie w\u00e4hrend Ihres Abonnements Angebote und Neuigkeiten an die von Ihnen angegebene E-Mail-Adresse erhalten; \u00fcber diese E-Mail erhalten Sie auch die Best\u00e4tigung Ihrer K\u00fcndigung.<\/p>\n\n\n\n<p>Vor der K\u00fcndigung ist es auch wichtig zu \u00fcberpr\u00fcfen, ob Sie noch Guthaben haben, und diese vor der K\u00fcndigung zu nutzen. Schlie\u00dflich ist zu beachten, dass die K\u00fcndigung des Audible-Abonnements nur \u00fcber die Audible-Website erfolgen kann; die mobile App oder die Website auf Ihrem Smartphone bieten diese Option nicht.<\/p>\n\n\n\n<p>Um zu k\u00fcndigen, melden Sie sich bei Ihrem Audible-Konto an, gehen Sie zum Men\u00fc &#8222;Hallo&#8220; und klicken Sie auf Ihr Konto. Im Abschnitt &#8222;Abonnementdetails anzeigen&#8220; finden Sie &#8222;Abonnement k\u00fcndigen&#8220;, klicken Sie darauf und folgen Sie den Anweisungen. Ihre K\u00fcndigung wird auf dem Bildschirm und in Ihrem E-Mail-Postfach best\u00e4tigt.<\/p>\n\n\n\n<div style=\"height:60px\" aria-hidden=\"true\" class=\"wp-block-spacer\"><\/div>\n\n\n\n<h2 class=\"wp-block-heading\">Kann ich meine H\u00f6rb\u00fccher behalten, nachdem ich mein Audible-Abonnement gek\u00fcndigt habe?<\/h2>\n\n\n<div class=\"wp-block-image\">\n<figure class=\"alignleft size-full\"><img decoding=\"async\" width=\"266\" height=\"10\" src=\"https:\/\/audiobookexplorer.com\/de\/wp-content\/uploads\/2025\/03\/home_musician_sep4.png\" alt=\"\" class=\"wp-image-878\" srcset=\"https:\/\/audiobookexplorer.com\/de\/wp-content\/uploads\/2025\/03\/home_musician_sep4.png 266w, https:\/\/audiobookexplorer.com\/de\/wp-content\/uploads\/2025\/03\/home_musician_sep4-150x6.png 150w\" sizes=\"(max-width:767px) 266px, 266px\" \/><\/figure>\n<\/div>\n\n\n<div style=\"height:40px\" aria-hidden=\"true\" class=\"wp-block-spacer\"><\/div>\n\n\n\n<p>Die K\u00fcndigung eines Audible-Abonnements bedeutet, dass Sie nicht f\u00fcr einen weiteren Monat bezahlen. Es ist wichtig zu beachten, dass Sie, wenn Sie noch Guthaben auf Ihrem Konto haben, diese verlieren, wenn Sie sie nicht vor der K\u00fcndigung nutzen.<\/p>\n\n\n\n<p>Allerdings bleiben alle zuvor get\u00e4tigten K\u00e4ufe g\u00fcltig. Alle H\u00f6rb\u00fccher, die Sie gekauft oder kostenlos erhalten haben, geh\u00f6ren weiterhin Ihnen. Sie k\u00f6nnen sie weiterhin herunterladen und ohne Einschr\u00e4nkungen anh\u00f6ren. Ihre Bibliothek bleibt auch nach der K\u00fcndigung des Abonnements verf\u00fcgbar. Ihr Zugriff auf die Audible-Website bleibt unver\u00e4ndert und g\u00fcltig.<\/p>\n\n\n\n<p>Es ist daher wichtig, sich die Frage zu stellen, ob ein Audible-Abonnement f\u00fcr Sie geeignet ist. Die Website bietet viele Vorteile wie einen kostenlosen Monat (2 f\u00fcr Prime-Mitglieder), ein kostenloses H\u00f6rbuch pro Monat, g\u00fcnstigere Preise dank des Abonnements usw. Wenn Sie B\u00fccher lieben, ist es wahrscheinlich die beste L\u00f6sung, Abonnent zu bleiben. Wenn Sie jedoch nur an einem oder wenigen B\u00fcchern interessiert sind, ist ein Abonnement m\u00f6glicherweise nicht sehr n\u00fctzlich. In diesem Fall ist es besser, direkt die B\u00fccher zu kaufen, die Sie interessieren.<\/p>\n\n\n\n<p>Es ist auch wichtig zu beachten, dass das monatliche Abonnement bei Audible im Vergleich zu all den Vorteilen, die es bietet, erschwinglich ist. Wenn Sie nach einer H\u00f6rbuch-Website suchen, ist Audible sicherlich eine der besten verf\u00fcgbaren Optionen.<\/p>\n\n\n\n<div style=\"height:60px\" aria-hidden=\"true\" class=\"wp-block-spacer\"><\/div>\n\n\n\n<h3 class=\"wp-block-heading\">Zusammenfassend:<\/h3>\n\n\n<div class=\"wp-block-image\">\n<figure class=\"alignleft size-full\"><img decoding=\"async\" width=\"266\" height=\"10\" src=\"https:\/\/audiobookexplorer.com\/de\/wp-content\/uploads\/2025\/03\/home_musician_sep4.png\" alt=\"\" class=\"wp-image-878\" srcset=\"https:\/\/audiobookexplorer.com\/de\/wp-content\/uploads\/2025\/03\/home_musician_sep4.png 266w, https:\/\/audiobookexplorer.com\/de\/wp-content\/uploads\/2025\/03\/home_musician_sep4-150x6.png 150w\" sizes=\"(max-width:767px) 266px, 266px\" \/><\/figure>\n<\/div>\n\n\n<div style=\"height:40px\" aria-hidden=\"true\" class=\"wp-block-spacer\"><\/div>\n\n\n\n<ul class=\"wp-block-list\">\n<li>Gehen Sie zu <a href=\"https:\/\/www.audible.de\/\">Audible<\/a><\/li>\n\n\n\n<li>Klicken Sie auf &#8222;Hallo &#8218;Ihr Name'&#8220;<\/li>\n\n\n\n<li>Klicken Sie auf &#8222;Mein Konto&#8220;<\/li>\n\n\n\n<li>Klicken Sie auf &#8222;Abonnement k\u00fcndigen&#8220;<\/li>\n\n\n\n<li>Klicken Sie auf &#8222;K\u00fcndigung fortsetzen&#8220;<\/li>\n\n\n\n<li>W\u00e4hlen Sie den Grund f\u00fcr Ihre K\u00fcndigung und klicken Sie auf &#8222;Abonnement k\u00fcndigen&#8220;<\/li>\n\n\n\n<li>Klicken Sie ein letztes Mal auf &#8222;Abonnement k\u00fcndigen&#8220;<\/li>\n\n\n\n<li>\u00dcberpr\u00fcfen Sie, ob Ihr Konto tats\u00e4chlich gek\u00fcndigt wurde; es sollte stehen: &#8222;Ihr Abonnement endet am xxxxx. Sie haben noch xxxx Tage, um Ihr Audible-Abonnement zu genie\u00dfen. Es sei denn, Sie \u00e4ndern Ihre Meinung!&#8220;<\/li>\n<\/ul>\n\n\n\n<p>Und voil\u00e0, es ist ein bisschen repetitiv, aber denken Sie daran, jeden Schritt zu best\u00e4tigen!<\/p>\n","protected":false},"excerpt":{"rendered":"<p>Audible ist eine gro\u00dfartige Plattform, um H\u00f6rb\u00fccher legal zu h\u00f6ren. Alles entspricht den Urheberrechtsgesetzen, sodass Sie sich keine Sorgen machen m\u00fcssen, wenn Sie die Website oder<span class=\"excerpt-hellip\"> [\u2026]<\/span><\/p>\n","protected":false},"author":1,"featured_media":0,"parent":0,"menu_order":0,"comment_status":"closed","ping_status":"closed","template":"","meta":{"_seopress_robots_primary_cat":"","_seopress_titles_title":"","_seopress_titles_desc":"","_seopress_robots_index":"","footnotes":""},"class_list":["post-873","page","type-page","status-publish","hentry"],"_links":{"self":[{"href":"https:\/\/audiobookexplorer.com\/de\/wp-json\/wp\/v2\/pages\/873","targetHints":{"allow":["GET"]}}],"collection":[{"href":"https:\/\/audiobookexplorer.com\/de\/wp-json\/wp\/v2\/pages"}],"about":[{"href":"https:\/\/audiobookexplorer.com\/de\/wp-json\/wp\/v2\/types\/page"}],"author":[{"embeddable":true,"href":"https:\/\/audiobookexplorer.com\/de\/wp-json\/wp\/v2\/users\/1"}],"replies":[{"embeddable":true,"href":"https:\/\/audiobookexplorer.com\/de\/wp-json\/wp\/v2\/comments?post=873"}],"version-history":[{"count":6,"href":"https:\/\/audiobookexplorer.com\/de\/wp-json\/wp\/v2\/pages\/873\/revisions"}],"predecessor-version":[{"id":882,"href":"https:\/\/audiobookexplorer.com\/de\/wp-json\/wp\/v2\/pages\/873\/revisions\/882"}],"wp:attachment":[{"href":"https:\/\/audiobookexplorer.com\/de\/wp-json\/wp\/v2\/media?parent=873"}],"curies":[{"name":"wp","href":"https:\/\/api.w.org\/{rel}","templated":true}]}}